{"id":67,"date":"2019-01-31T15:20:41","date_gmt":"2019-01-31T15:20:41","guid":{"rendered":"http:\/\/localhost\/themes\/2019\/yoko\/Website_WP\/index.php\/about\/"},"modified":"2022-01-11T15:02:20","modified_gmt":"2022-01-11T15:02:20","slug":"web","status":"publish","type":"page","link":"https:\/\/www.franciscolopeztorres.com\/?page_id=67","title":{"rendered":"WEB"},"content":{"rendered":"<h1>WEB<\/h1>\n<h2><a href=\"\/index.php?p=2\">Conception, r\u00e9alisation, d\u00e9veloppement et mise en ligne.<\/a><\/h2>\n<div>\n<p><strong>De la cr\u00e9ation au d\u00e9veloppement et mise en ligne, je vous guide, conseille et r\u00e9alise votre boutique en ligne, site vitrine ou blog.<\/strong> L&rsquo;ensemble des sites sont r\u00e9aliser sous WordPress avec template premium totalement responsive.<br \/>La prestation comprend \u00e9galement un accompagnement de prise en main de WordPress afin d&rsquo;acqu\u00e9rir une total autonomie dans la gestion de votre site.<\/p>\n<\/div>\n<ul>\n<li>\n<p>        <img decoding=\"async\" src=\"\/wp-content\/uploads\/Polen-1.jpg\" alt=\"polen-design\"><\/p>\n<p><img decoding=\"async\" src=\"\/wp-content\/uploads\/Polen.jpg\" alt=\"\"><\/p>\n<h3>POLEN DESIGN<\/h3>\n<p>Site e-commerce (WordPress)<\/p>\n<div>\n<p><a class=\"uk-button uk-button-primary\" href=\"https:\/\/www.polen-design.com\/\" target=\"_blank\" rel=\"noopener\">VOIR LE SITE<\/a><\/p>\n<\/div>\n<p><a href=\"\/wp-content\/uploads\/Polen.jpg\"><\/a><\/p>\n<\/li>\n<li>\n<p>        <img decoding=\"async\" src=\"\/wp-content\/uploads\/BC-1.jpg\" alt=\"blue-choice\"><\/p>\n<p><img decoding=\"async\" src=\"\/wp-content\/uploads\/BC.jpg\" alt=\"\"><\/p>\n<h3>BLUE CHOICE<\/h3>\n<p>Site vitrine (WordPress)<\/p>\n<div>\n<p><a class=\"uk-button uk-button-primary\" href=\"http:\/\/bluechoice.fr\/\" target=\"_blank\" rel=\"noopener\">VOIR LE SITE<\/a><\/p>\n<\/div>\n<p><a href=\"\/wp-content\/uploads\/BC.jpg\"><\/a><\/p>\n<\/li>\n<li>\n<p>        <img decoding=\"async\" src=\"\/wp-content\/uploads\/OC-1.jpg\" alt=\"objectif-cours\"><\/p>\n<p><img decoding=\"async\" src=\"\/wp-content\/uploads\/OC.jpg\" alt=\"\"><\/p>\n<h3>OBJECTIF COURS<\/h3>\n<p>Site vitrine (WordPress)<\/p>\n<div><a class=\"uk-button uk-button-primary\" href=\"https:\/\/objectif-cours.fr\/\" target=\"_blank\" rel=\"noopener\">VOIR LE SITE<\/a><\/div>\n<p><a href=\"\/wp-content\/uploads\/OC.jpg\"><\/a><\/p>\n<\/li>\n<li>\n<p>        <img decoding=\"async\" src=\"\/wp-content\/uploads\/COSMA-1.jpg\" alt=\"cosma-experts\"><\/p>\n<p><img decoding=\"async\" src=\"\/wp-content\/uploads\/COSMO.jpg\" alt=\"\"><\/p>\n<h3>COSMA EXPERTS<\/h3>\n<p>Site vitrine (WordPress)<\/p>\n<div><a class=\"uk-button uk-button-primary\" href=\"https:\/\/www.cosma-experts.fr\/\" target=\"_blank\" rel=\"noopener\">VOIR LE SITE<\/a><\/div>\n<p><a href=\"\/wp-content\/uploads\/COSMO.jpg\"><\/a><\/p>\n<\/li>\n<li>\n<p>        <img decoding=\"async\" src=\"\/wp-content\/uploads\/BYG-1.jpg\" alt=\"byg\"><\/p>\n<p><img decoding=\"async\" src=\"\/wp-content\/uploads\/BYG.jpg\" alt=\"\"><\/p>\n<h3>BYG<\/h3>\n<p>Site vitrine (Joomla)<\/p>\n<p><a href=\"\/wp-content\/uploads\/BYG.jpg\"><\/a><\/p>\n<\/li>\n<li>\n<p>        <img decoding=\"async\" src=\"\/wp-content\/uploads\/ASPN-1-1.jpg\" alt=\"aspn\"><\/p>\n<p><img decoding=\"async\" src=\"\/wp-content\/uploads\/ASPN-1.jpg\" alt=\"\"><\/p>\n<h3>ASPN<\/h3>\n<p>Site vitrine (Worpress)<\/p>\n<div>\n<p><a class=\"uk-button uk-button-primary\" href=\"https:\/\/aspn-plongee.com\/\" target=\"_blank\" rel=\"noopener\">VOIR LE SITE<\/a><\/p>\n<\/div>\n<p><a href=\"\/wp-content\/uploads\/ASPN-1.jpg\"><\/a><\/p>\n<\/li>\n<li>\n<p>        <img decoding=\"async\" src=\"\/wp-content\/uploads\/CHABLIS-1.jpg\" alt=\"chablis\"><\/p>\n<p><img decoding=\"async\" src=\"\/wp-content\/uploads\/CHABLIS.jpg\" alt=\"\"><\/p>\n<h3>CHABLIS<\/h3>\n<p>Site \u00e9v\u00e8nementiel (html)<\/p>\n<p><a href=\"\/wp-content\/uploads\/CHABLIS.jpg\"><\/a><\/p>\n<\/li>\n<li>\n<p>        <img decoding=\"async\" src=\"\/wp-content\/uploads\/XME-1.jpg\" alt=\"xme\"><\/p>\n<p><img decoding=\"async\" src=\"\/wp-content\/uploads\/XME.jpg\" alt=\"\"><\/p>\n<h3>XME<\/h3>\n<p>E-Boutique (Prestashop)<\/p>\n<p><a href=\"\/wp-content\/uploads\/XME.jpg\"><\/a><\/p>\n<\/li>\n<li>\n<p>        <img decoding=\"async\" src=\"\/wp-content\/uploads\/OPTIC2000-1.jpg\" alt=\"optic2000\"><\/p>\n<p><img decoding=\"async\" src=\"\/wp-content\/uploads\/OPTIC2000.jpg\" alt=\"\"><\/p>\n<h3>Optic2000<\/h3>\n<p>Base de t\u00e9l\u00e9chargement (WordPress)<\/p>\n<div><a class=\"uk-button uk-button-primary\" href=\"https:\/\/www.collectionoptic2000.fr\/\" target=\"_blank\" rel=\"noopener\">VOIR LE SITE<\/a><\/div>\n<p><a href=\"\/wp-content\/uploads\/OPTIC2000.jpg\"><\/a><\/p>\n<\/li>\n<li>\n<p>        <img decoding=\"async\" src=\"\/wp-content\/uploads\/FREEDENT-1.jpg\" alt=\"freedent\"><\/p>\n<p><img decoding=\"async\" src=\"\/wp-content\/uploads\/FREEDENT.jpg\" alt=\"\"><\/p>\n<h3>FREEDENT<\/h3>\n<p>Site \u00e9v\u00e8nementiel (WordPress &#8211; Flash)<\/p>\n<p><a href=\"\/wp-content\/uploads\/FREEDENT.jpg\"><\/a><\/p>\n<\/li>\n<li>\n<p>        <img decoding=\"async\" src=\"\/wp-content\/uploads\/DUROS-1.jpg\" alt=\"ducros\"><\/p>\n<p><img decoding=\"async\" src=\"\/wp-content\/uploads\/DUCROS.jpg\" alt=\"\"><\/p>\n<h3>DUCROS<\/h3>\n<p>Site \u00e9v\u00e8nementiel (WordPress &#8211; Flash)<\/p>\n<p><a href=\"\/wp-content\/uploads\/DUCROS.jpg\"><\/a><\/p>\n<\/li>\n<\/ul>\n<p><!--more--><br \/>\n<!-- {\"type\":\"layout\",\"children\":[{\"type\":\"section\",\"props\":{\"style\":\"primary\",\"width\":\"small\",\"vertical_align\":\"middle\",\"title_position\":\"top-left\",\"title_rotation\":\"left\",\"title_breakpoint\":\"xl\",\"image_position\":\"top-center\",\"animation\":\"fade\",\"padding_remove_top\":false,\"image\":\"\",\"image_size\":\"cover\",\"animation_delay\":\"200\",\"media_background\":\"rgba(23, 44, 66, 0)\",\"media_blend_mode\":\"multiply\",\"header_transparent\":\"light\"},\"children\":[{\"type\":\"row\",\"props\":{\"width\":\"default\",\"match\":true,\"divider\":true,\"column_gap\":\"medium\",\"row_gap\":\"medium\"},\"children\":[{\"type\":\"column\",\"props\":{\"image_position\":\"center-center\",\"media_overlay_gradient\":\"\",\"vertical_align\":\"middle\",\"width_medium\":\"\",\"position_sticky_breakpoint\":\"m\"},\"children\":[{\"type\":\"headline\",\"props\":{\"title_element\":\"h1\",\"content\":\"WEB\",\"title_style\":\"heading-medium\"}},{\"type\":\"headline\",\"props\":{\"title_element\":\"h2\",\"title_style\":\"h3\",\"animation\":\"slide-left-small\",\"content\":\"Conception, r\\u00e9alisation, d\\u00e9veloppement et mise en ligne.\",\"link\":\"index.php?p=2\",\"margin_remove_top\":true,\"margin_remove_bottom\":false}},{\"type\":\"text\",\"props\":{\"margin\":\"default\",\"column_breakpoint\":\"m\",\"text_style\":\"lead\",\"dropcap\":false,\"content\":\"\n\n<p><strong>De la cr\\u00e9ation au d\\u00e9veloppement et mise en ligne, je vous guide, conseille et r\\u00e9alise votre boutique en ligne, site vitrine ou blog.<\\\/strong> L'ensemble des sites sont r\\u00e9aliser sous WordPress avec template premium totalement responsive.<br \\\/>La prestation comprend \\u00e9galement un accompagnement de prise en main de WordPress afin d'acqu\\u00e9rir une total autonomie dans la gestion de votre site.<\\\/p>\",\"margin_remove_bottom\":false}}]}]}],\"name\":\"PRINT\"},{\"type\":\"section\",\"props\":{\"style\":\"default\",\"width\":\"default\",\"vertical_align\":\"middle\",\"title_position\":\"top-left\",\"title_rotation\":\"left\",\"title_breakpoint\":\"xl\",\"image_position\":\"center-center\",\"animation\":\"fade\",\"animation_delay\":\"200\"},\"children\":[{\"type\":\"row\",\"children\":[{\"type\":\"column\",\"props\":{\"image_position\":\"center-center\",\"media_overlay_gradient\":\"\",\"position_sticky_breakpoint\":\"m\"},\"children\":[{\"type\":\"gallery\",\"props\":{\"show_title\":true,\"show_meta\":true,\"show_content\":true,\"show_link\":true,\"show_hover_image\":true,\"grid_default\":\"1\",\"grid_medium\":\"2\",\"filter_style\":\"tab\",\"filter_all\":true,\"filter_position\":\"top\",\"filter_align\":\"left\",\"filter_grid_width\":\"auto\",\"filter_grid_breakpoint\":\"m\",\"overlay_mode\":\"cover\",\"overlay_hover\":true,\"overlay_style\":\"overlay-primary\",\"text_color\":\"light\",\"overlay_position\":\"center\",\"overlay_transition\":\"fade\",\"title_hover_style\":\"reset\",\"title_element\":\"h3\",\"meta_style\":\"meta\",\"meta_align\":\"below-title\",\"link_text\":\"\",\"link_style\":\"\",\"text_align\":\"center\",\"margin\":\"default\",\"item_animation\":true,\"lightbox\":true,\"link_size\":\"small\",\"link_transition\":\"fade\",\"lightbox_image_orientation\":true,\"overlay_link\":true,\"meta_color\":\"emphasis\",\"meta_margin\":\"small\",\"title_display\":\"item\",\"content_display\":\"lightbox\",\"image_orientation\":false,\"image_height\":\"1000\",\"grid_row_align\":false,\"meta_element\":\"div\",\"lightbox_image_width\":\"1280\"},\"children\":[{\"type\":\"gallery_item\",\"props\":{\"image\":\"wp-content\\\/uploads\\\/Polen-1.jpg\",\"hover_image\":\"wp-content\\\/uploads\\\/Polen.jpg\",\"link\":\"wp-content\\\/uploads\\\/Polen.jpg\",\"title\":\"POLEN DESIGN\",\"meta\":\"Site e-commerce (WordPress)\",\"content\":\"\n\n<p><a class=\\\"uk-button uk-button-primary\\\" href=\\\"https:\\\/\\\/www.polen-design.com\\\/\\\" target=\\\"_blank\\\" rel=\\\"noopener\\\">VOIR LE SITE<\\\/a><\\\/p>\",\"image_alt\":\"polen-design\"}},{\"type\":\"gallery_item\",\"props\":{\"image\":\"wp-content\\\/uploads\\\/BC-1.jpg\",\"hover_image\":\"wp-content\\\/uploads\\\/BC.jpg\",\"link\":\"wp-content\\\/uploads\\\/BC.jpg\",\"title\":\"BLUE CHOICE\",\"meta\":\"Site vitrine (WordPress)\",\"content\":\"\n\n<p><a class=\\\"uk-button uk-button-primary\\\" href=\\\"http:\\\/\\\/bluechoice.fr\\\/\\\" target=\\\"_blank\\\" rel=\\\"noopener\\\">VOIR LE SITE<\\\/a><\\\/p>\",\"image_alt\":\"blue-choice\"}},{\"type\":\"gallery_item\",\"props\":{\"image\":\"wp-content\\\/uploads\\\/OC-1.jpg\",\"hover_image\":\"wp-content\\\/uploads\\\/OC.jpg\",\"link\":\"wp-content\\\/uploads\\\/OC.jpg\",\"title\":\"OBJECTIF COURS\",\"meta\":\"Site vitrine (WordPress)\",\"content\":\"<a class=\\\"uk-button uk-button-primary\\\" href=\\\"https:\\\/\\\/objectif-cours.fr\\\/\\\" target=\\\"_blank\\\" rel=\\\"noopener\\\">VOIR LE SITE<\\\/a>\",\"image_alt\":\"objectif-cours\"}},{\"type\":\"gallery_item\",\"props\":{\"image\":\"wp-content\\\/uploads\\\/COSMA-1.jpg\",\"hover_image\":\"wp-content\\\/uploads\\\/COSMO.jpg\",\"link\":\"wp-content\\\/uploads\\\/COSMO.jpg\",\"title\":\"COSMA EXPERTS\",\"meta\":\"Site vitrine (WordPress)\",\"content\":\"<a class=\\\"uk-button uk-button-primary\\\" href=\\\"https:\\\/\\\/www.cosma-experts.fr\\\/\\\" target=\\\"_blank\\\" rel=\\\"noopener\\\">VOIR LE SITE<\\\/a>\",\"image_alt\":\"cosma-experts\"}},{\"type\":\"gallery_item\",\"props\":{\"image\":\"wp-content\\\/uploads\\\/BYG-1.jpg\",\"hover_image\":\"wp-content\\\/uploads\\\/BYG.jpg\",\"link\":\"wp-content\\\/uploads\\\/BYG.jpg\",\"title\":\"BYG\",\"meta\":\"Site vitrine (Joomla)\",\"content\":\"\",\"image_alt\":\"byg\"}},{\"type\":\"gallery_item\",\"props\":{\"image\":\"wp-content\\\/uploads\\\/ASPN-1-1.jpg\",\"hover_image\":\"wp-content\\\/uploads\\\/ASPN-1.jpg\",\"link\":\"wp-content\\\/uploads\\\/ASPN-1.jpg\",\"title\":\"ASPN\",\"meta\":\"Site vitrine (Worpress)\",\"content\":\"\n\n<p><a class=\\\"uk-button uk-button-primary\\\" href=\\\"https:\\\/\\\/aspn-plongee.com\\\/\\\" target=\\\"_blank\\\" rel=\\\"noopener\\\">VOIR LE SITE<\\\/a><\\\/p>\",\"image_alt\":\"aspn\"}},{\"type\":\"gallery_item\",\"props\":{\"image\":\"wp-content\\\/uploads\\\/CHABLIS-1.jpg\",\"hover_image\":\"wp-content\\\/uploads\\\/CHABLIS.jpg\",\"link\":\"wp-content\\\/uploads\\\/CHABLIS.jpg\",\"title\":\"CHABLIS\",\"meta\":\"Site \\u00e9v\\u00e8nementiel (html)\",\"content\":\"\",\"link_text\":\"\",\"image_alt\":\"chablis\"}},{\"type\":\"gallery_item\",\"props\":{\"image\":\"wp-content\\\/uploads\\\/XME-1.jpg\",\"hover_image\":\"wp-content\\\/uploads\\\/XME.jpg\",\"link\":\"wp-content\\\/uploads\\\/XME.jpg\",\"title\":\"XME\",\"meta\":\"E-Boutique (Prestashop)\",\"content\":\"\",\"link_text\":\"\",\"image_alt\":\"xme\"}},{\"type\":\"gallery_item\",\"props\":{\"image\":\"wp-content\\\/uploads\\\/OPTIC2000-1.jpg\",\"hover_image\":\"wp-content\\\/uploads\\\/OPTIC2000.jpg\",\"link\":\"wp-content\\\/uploads\\\/OPTIC2000.jpg\",\"title\":\"Optic2000\",\"meta\":\"Base de t\\u00e9l\\u00e9chargement (WordPress)\",\"content\":\"<a class=\\\"uk-button uk-button-primary\\\" href=\\\"https:\\\/\\\/www.collectionoptic2000.fr\\\/\\\" target=\\\"_blank\\\" rel=\\\"noopener\\\">VOIR LE SITE<\\\/a>\",\"link_text\":\"\",\"image_alt\":\"optic2000\"}},{\"type\":\"gallery_item\",\"props\":{\"image\":\"wp-content\\\/uploads\\\/FREEDENT-1.jpg\",\"hover_image\":\"wp-content\\\/uploads\\\/FREEDENT.jpg\",\"link\":\"wp-content\\\/uploads\\\/FREEDENT.jpg\",\"title\":\"FREEDENT\",\"meta\":\"Site \\u00e9v\\u00e8nementiel (WordPress - Flash)\",\"content\":\"\",\"link_text\":\"\",\"image_alt\":\"freedent\"}},{\"type\":\"gallery_item\",\"props\":{\"image\":\"wp-content\\\/uploads\\\/DUROS-1.jpg\",\"hover_image\":\"wp-content\\\/uploads\\\/DUCROS.jpg\",\"link\":\"wp-content\\\/uploads\\\/DUCROS.jpg\",\"title\":\"DUCROS\",\"meta\":\"Site \\u00e9v\\u00e8nementiel (WordPress - Flash)\",\"content\":\"\",\"link_text\":\"\",\"image_alt\":\"ducros\"}}]}]}]}]}],\"version\":\"2.7.14\"} --><\/p>\n","protected":false},"excerpt":{"rendered":"<p>WEB Conception, r\u00e9alisation, d\u00e9veloppement et mise en ligne. De la cr\u00e9ation au d\u00e9veloppement et mise en ligne, je vous guide, conseille et r\u00e9alise votre boutique en ligne, site vitrine ou blog. L&rsquo;ensemble des sites sont r\u00e9aliser sous WordPress avec template premium totalement responsive.La prestation comprend \u00e9galement un accompagnement de prise en main de WordPress afin [&hellip;]<\/p>\n","protected":false},"author":1,"featured_media":0,"parent":0,"menu_order":7,"comment_status":"closed","ping_status":"closed","template":"","meta":{"footnotes":""},"class_list":["post-67","page","type-page","status-publish","hentry"],"yoast_head":"<!-- This site is optimized with the Yoast SEO Premium plugin v21.1 (Yoast SEO v27.4) - https:\/\/yoast.com\/product\/yoast-seo-premium-wordpress\/ -->\n<title>WEB - FLT<\/title>\n<meta name=\"robots\" content=\"index, follow, max-snippet:-1, max-image-preview:large, max-video-preview:-1\" \/>\n<link rel=\"canonical\" href=\"https:\/\/www.franciscolopeztorres.com\/?page_id=67\" \/>\n<meta property=\"og:locale\" content=\"fr_FR\" \/>\n<meta property=\"og:type\" content=\"article\" \/>\n<meta property=\"og:title\" content=\"WEB\" \/>\n<meta property=\"og:description\" content=\"WEB Conception, r\u00e9alisation, d\u00e9veloppement et mise en ligne. De la cr\u00e9ation au d\u00e9veloppement et mise en ligne, je vous guide, conseille et r\u00e9alise votre boutique en ligne, site vitrine ou blog. L&rsquo;ensemble des sites sont r\u00e9aliser sous WordPress avec template premium totalement responsive.La prestation comprend \u00e9galement un accompagnement de prise en main de WordPress afin [&hellip;]\" \/>\n<meta property=\"og:url\" content=\"https:\/\/www.franciscolopeztorres.com\/?page_id=67\" \/>\n<meta property=\"og:site_name\" content=\"FLT\" \/>\n<meta property=\"article:modified_time\" content=\"2022-01-11T15:02:20+00:00\" \/>\n<meta name=\"twitter:card\" content=\"summary_large_image\" \/>\n<meta name=\"twitter:label1\" content=\"Dur\u00e9e de lecture estim\u00e9e\" \/>\n\t<meta name=\"twitter:data1\" content=\"1 minute\" \/>\n<script type=\"application\/ld+json\" class=\"yoast-schema-graph\">{\"@context\":\"https:\\\/\\\/schema.org\",\"@graph\":[{\"@type\":\"WebPage\",\"@id\":\"https:\\\/\\\/www.franciscolopeztorres.com\\\/?page_id=67\",\"url\":\"https:\\\/\\\/www.franciscolopeztorres.com\\\/?page_id=67\",\"name\":\"WEB - FLT\",\"isPartOf\":{\"@id\":\"https:\\\/\\\/www.franciscolopeztorres.com\\\/#website\"},\"datePublished\":\"2019-01-31T15:20:41+00:00\",\"dateModified\":\"2022-01-11T15:02:20+00:00\",\"breadcrumb\":{\"@id\":\"https:\\\/\\\/www.franciscolopeztorres.com\\\/?page_id=67#breadcrumb\"},\"inLanguage\":\"fr-FR\",\"potentialAction\":[{\"@type\":\"ReadAction\",\"target\":[\"https:\\\/\\\/www.franciscolopeztorres.com\\\/?page_id=67\"]}]},{\"@type\":\"BreadcrumbList\",\"@id\":\"https:\\\/\\\/www.franciscolopeztorres.com\\\/?page_id=67#breadcrumb\",\"itemListElement\":[{\"@type\":\"ListItem\",\"position\":1,\"name\":\"Accueil\",\"item\":\"https:\\\/\\\/www.franciscolopeztorres.com\\\/\"},{\"@type\":\"ListItem\",\"position\":2,\"name\":\"WEB\"}]},{\"@type\":\"WebSite\",\"@id\":\"https:\\\/\\\/www.franciscolopeztorres.com\\\/#website\",\"url\":\"https:\\\/\\\/www.franciscolopeztorres.com\\\/\",\"name\":\"FLT Design Graphique\",\"description\":\"Designer graphique\",\"publisher\":{\"@id\":\"https:\\\/\\\/www.franciscolopeztorres.com\\\/#organization\"},\"potentialAction\":[{\"@type\":\"SearchAction\",\"target\":{\"@type\":\"EntryPoint\",\"urlTemplate\":\"https:\\\/\\\/www.franciscolopeztorres.com\\\/?s={search_term_string}\"},\"query-input\":{\"@type\":\"PropertyValueSpecification\",\"valueRequired\":true,\"valueName\":\"search_term_string\"}}],\"inLanguage\":\"fr-FR\"},{\"@type\":\"Organization\",\"@id\":\"https:\\\/\\\/www.franciscolopeztorres.com\\\/#organization\",\"name\":\"Francisco Lopez-Torres\",\"url\":\"https:\\\/\\\/www.franciscolopeztorres.com\\\/\",\"logo\":{\"@type\":\"ImageObject\",\"inLanguage\":\"fr-FR\",\"@id\":\"https:\\\/\\\/www.franciscolopeztorres.com\\\/#\\\/schema\\\/logo\\\/image\\\/\",\"url\":\"https:\\\/\\\/i0.wp.com\\\/www.franciscolopeztorres.com\\\/wp-content\\\/uploads\\\/favicon.jpg?fit=100%2C100&ssl=1\",\"contentUrl\":\"https:\\\/\\\/i0.wp.com\\\/www.franciscolopeztorres.com\\\/wp-content\\\/uploads\\\/favicon.jpg?fit=100%2C100&ssl=1\",\"width\":100,\"height\":100,\"caption\":\"Francisco Lopez-Torres\"},\"image\":{\"@id\":\"https:\\\/\\\/www.franciscolopeztorres.com\\\/#\\\/schema\\\/logo\\\/image\\\/\"}}]}<\/script>\n<!-- \/ Yoast SEO Premium plugin. -->","yoast_head_json":{"title":"WEB - FLT","robots":{"index":"index","follow":"follow","max-snippet":"max-snippet:-1","max-image-preview":"max-image-preview:large","max-video-preview":"max-video-preview:-1"},"canonical":"https:\/\/www.franciscolopeztorres.com\/?page_id=67","og_locale":"fr_FR","og_type":"article","og_title":"WEB","og_description":"WEB Conception, r\u00e9alisation, d\u00e9veloppement et mise en ligne. De la cr\u00e9ation au d\u00e9veloppement et mise en ligne, je vous guide, conseille et r\u00e9alise votre boutique en ligne, site vitrine ou blog. L&rsquo;ensemble des sites sont r\u00e9aliser sous WordPress avec template premium totalement responsive.La prestation comprend \u00e9galement un accompagnement de prise en main de WordPress afin [&hellip;]","og_url":"https:\/\/www.franciscolopeztorres.com\/?page_id=67","og_site_name":"FLT","article_modified_time":"2022-01-11T15:02:20+00:00","twitter_card":"summary_large_image","twitter_misc":{"Dur\u00e9e de lecture estim\u00e9e":"1 minute"},"schema":{"@context":"https:\/\/schema.org","@graph":[{"@type":"WebPage","@id":"https:\/\/www.franciscolopeztorres.com\/?page_id=67","url":"https:\/\/www.franciscolopeztorres.com\/?page_id=67","name":"WEB - FLT","isPartOf":{"@id":"https:\/\/www.franciscolopeztorres.com\/#website"},"datePublished":"2019-01-31T15:20:41+00:00","dateModified":"2022-01-11T15:02:20+00:00","breadcrumb":{"@id":"https:\/\/www.franciscolopeztorres.com\/?page_id=67#breadcrumb"},"inLanguage":"fr-FR","potentialAction":[{"@type":"ReadAction","target":["https:\/\/www.franciscolopeztorres.com\/?page_id=67"]}]},{"@type":"BreadcrumbList","@id":"https:\/\/www.franciscolopeztorres.com\/?page_id=67#breadcrumb","itemListElement":[{"@type":"ListItem","position":1,"name":"Accueil","item":"https:\/\/www.franciscolopeztorres.com\/"},{"@type":"ListItem","position":2,"name":"WEB"}]},{"@type":"WebSite","@id":"https:\/\/www.franciscolopeztorres.com\/#website","url":"https:\/\/www.franciscolopeztorres.com\/","name":"FLT Design Graphique","description":"Designer graphique","publisher":{"@id":"https:\/\/www.franciscolopeztorres.com\/#organization"},"potentialAction":[{"@type":"SearchAction","target":{"@type":"EntryPoint","urlTemplate":"https:\/\/www.franciscolopeztorres.com\/?s={search_term_string}"},"query-input":{"@type":"PropertyValueSpecification","valueRequired":true,"valueName":"search_term_string"}}],"inLanguage":"fr-FR"},{"@type":"Organization","@id":"https:\/\/www.franciscolopeztorres.com\/#organization","name":"Francisco Lopez-Torres","url":"https:\/\/www.franciscolopeztorres.com\/","logo":{"@type":"ImageObject","inLanguage":"fr-FR","@id":"https:\/\/www.franciscolopeztorres.com\/#\/schema\/logo\/image\/","url":"https:\/\/i0.wp.com\/www.franciscolopeztorres.com\/wp-content\/uploads\/favicon.jpg?fit=100%2C100&ssl=1","contentUrl":"https:\/\/i0.wp.com\/www.franciscolopeztorres.com\/wp-content\/uploads\/favicon.jpg?fit=100%2C100&ssl=1","width":100,"height":100,"caption":"Francisco Lopez-Torres"},"image":{"@id":"https:\/\/www.franciscolopeztorres.com\/#\/schema\/logo\/image\/"}}]}},"jetpack_sharing_enabled":true,"_links":{"self":[{"href":"https:\/\/www.franciscolopeztorres.com\/index.php?rest_route=\/wp\/v2\/pages\/67","targetHints":{"allow":["GET"]}}],"collection":[{"href":"https:\/\/www.franciscolopeztorres.com\/index.php?rest_route=\/wp\/v2\/pages"}],"about":[{"href":"https:\/\/www.franciscolopeztorres.com\/index.php?rest_route=\/wp\/v2\/types\/page"}],"author":[{"embeddable":true,"href":"https:\/\/www.franciscolopeztorres.com\/index.php?rest_route=\/wp\/v2\/users\/1"}],"replies":[{"embeddable":true,"href":"https:\/\/www.franciscolopeztorres.com\/index.php?rest_route=%2Fwp%2Fv2%2Fcomments&post=67"}],"version-history":[{"count":112,"href":"https:\/\/www.franciscolopeztorres.com\/index.php?rest_route=\/wp\/v2\/pages\/67\/revisions"}],"predecessor-version":[{"id":1776,"href":"https:\/\/www.franciscolopeztorres.com\/index.php?rest_route=\/wp\/v2\/pages\/67\/revisions\/1776"}],"wp:attachment":[{"href":"https:\/\/www.franciscolopeztorres.com\/index.php?rest_route=%2Fwp%2Fv2%2Fmedia&parent=67"}],"curies":[{"name":"wp","href":"https:\/\/api.w.org\/{rel}","templated":true}]}}