{"id":65,"date":"2018-11-28T14:07:27","date_gmt":"2018-11-28T14:07:27","guid":{"rendered":"http:\/\/localhost\/themes\/2019\/yoko\/Website_WP\/index.php\/getting-started\/"},"modified":"2023-11-17T08:38:12","modified_gmt":"2023-11-17T08:38:12","slug":"accueil","status":"publish","type":"page","link":"https:\/\/www.franciscolopeztorres.com\/","title":{"rendered":"FLT Design Graphique"},"content":{"rendered":"<p><img decoding=\"async\" src=\"\/wp-content\/uploads\/LogoFLT-inverse.svg\" alt=\"FLT Designer Graphique\"><\/p>\n<hr>\n<div>\n<p style=\"text-align: left;\">Servir une marque en entrant en r\u00e9sonance avec son identit\u00e9 gr\u00e2ce aux outils du web, du print, de la 3D ou de la photo. <br \/>Des \u00e9tudes en arts graphiques (ECV), une riche et longue <strong>exp\u00e9rience de 20 ans<\/strong> en agences m&rsquo;ont permis d\u2019acqu\u00e9rir trois vertus essentielles, <b>la cr\u00e9ativit\u00e9, la r\u00e9activit\u00e9 et la polyvalence.<\/b><\/p>\n<p>Pour chaque projet une m\u00eame mission, <strong>\u00e9couter et visualiser.<\/strong> Un regard original, un univers \u00e9l\u00e9gant et sensible.<\/p>\n<\/div>\n<div>\n<p>PORTFOLIO<\/p>\n<\/div>\n<p><a href=\"#portfolio\">[chevron-down]<\/a><\/p>\n<h1>PORTFOLIO<\/h1>\n<div>\n<p>        <img decoding=\"async\" src=\"\/wp-content\/uploads\/Polen-1.jpg\" alt=\"\"><\/p>\n<h3>WEB<\/h3>\n<p>E-COMMERCE, BLOG, SITE VITRINE.<\/p>\n<div>\n<p>De la cr\u00e9ation au d\u00e9veloppement et mise en ligne, je vous guide, conseille et r\u00e9alise votre boutique en ligne, site vitrine ou blog.<\/p>\n<\/div>\n<p><a href=\"\/index.php?page_id=67\">Voir +<\/a><\/p>\n<\/div>\n<div>\n<p>        <img decoding=\"async\" src=\"\/wp-content\/uploads\/Map-ADIDAS.jpg\" alt=\"adidas-map\"><\/p>\n<h3>PRINT<\/h3>\n<p>COMMUNICATION CLIENTS, PRESSE &#038; CORPORATE.<\/p>\n<div>Conception et r\u00e9alisation de l\u2019ensemble de vos documents de communication. Plaquettes, d\u00e9pliants, af\ufb01ches, kakemonos, \ufb02yers, cartes de v\u0153ux\u2026<\/div>\n<p><a href=\"\/index.php?page_id=66\">Voir +<\/a><\/p>\n<\/div>\n<div>\n<p>        <img decoding=\"async\" src=\"\/wp-content\/uploads\/logo-aspn.jpg\" alt=\"\"><\/p>\n<h3>IDENTIT\u00c9<\/h3>\n<p>LOGOTYPES | CHARTES GRAPHIQUES<\/p>\n<div>Cr\u00e9ation de logotypes et chartes graphiques.<\/div>\n<p><a href=\"\/index.php?page_id=1790\">Voir +<\/a><\/p>\n<\/div>\n<div>\n<p>        <img decoding=\"async\" src=\"\/wp-content\/uploads\/ANDROID.jpg\" alt=\"bouygues-android\"><\/p>\n<h3>2D | 3D<\/h3>\n<p>PICTOGRAMMES \u2013 AVATARS \u2013 MOD\u00c9LISATION 3D<\/p>\n<div>R\u00e9alisation d\u2019illustrations vectorielles, pictogrammes, avatars\u2026 Mod\u00e9lisation et animation d\u2019objets 3D.<\/div>\n<p><a href=\"\/index.php?page_id=68\">Voir +<\/a><\/p>\n<\/div>\n<p><!--more--><br \/>\n<!-- {\"type\":\"layout\",\"children\":[{\"type\":\"section\",\"props\":{\"animation\":\"slide-left-medium\",\"animation_delay\":\"100\",\"header_transparent\":\"light\",\"header_transparent_noplaceholder\":false,\"height\":\"full\",\"image_effect\":\"fixed\",\"image_position\":\"center-center\",\"image_size\":\"cover\",\"padding\":\"xsmall\",\"padding_remove_top\":false,\"style\":\"primary\",\"title_breakpoint\":\"xl\",\"title_position\":\"top-left\",\"title_rotation\":\"left\",\"vertical_align\":\"\",\"width\":\"small\"},\"children\":[{\"type\":\"row\",\"props\":{\"row_gap\":\"small\"},\"children\":[{\"type\":\"column\",\"props\":{\"image_position\":\"center-center\",\"position_sticky_breakpoint\":\"m\"},\"children\":[{\"type\":\"image\",\"props\":{\"image\":\"wp-content\\\/uploads\\\/LogoFLT-inverse.svg\",\"image_alt\":\"FLT Designer Graphique\",\"image_svg_color\":\"emphasis\",\"image_width\":\"600\",\"margin\":\"default\",\"text_align\":\"center\"}},{\"type\":\"divider\",\"props\":{\"divider_element\":\"hr\",\"divider_style\":\"icon\"}},{\"type\":\"text\",\"props\":{\"block_align\":\"center\",\"column_breakpoint\":\"m\",\"content\":\"\n\n<p style=\\\"text-align: left;\\\">Servir une marque en entrant en r\\u00e9sonance avec son identit\\u00e9 gr\\u00e2ce aux outils du web, du print, de la 3D ou de la photo. <br \\\/>Des \\u00e9tudes en arts graphiques (ECV), une riche et longue <strong>exp\\u00e9rience de 20 ans<\\\/strong> en agences m'ont permis d\\u2019acqu\\u00e9rir trois vertus essentielles, <b>la cr\\u00e9ativit\\u00e9, la r\\u00e9activit\\u00e9 et la polyvalence.<\\\/b><br \\\/><br \\\/>Pour chaque projet une m\\u00eame mission, <strong>\\u00e9couter et visualiser.<\\\/strong> Un regard original, un univers \\u00e9l\\u00e9gant et sensible.<\\\/p>\",\"margin\":\"default\",\"margin_remove_top\":false,\"maxwidth\":\"2xlarge\",\"text_align\":\"center\",\"text_style\":\"lead\"}},{\"type\":\"text\",\"props\":{\"column_breakpoint\":\"m\",\"content\":\"\n\n<p>PORTFOLIO<\\\/p>\",\"margin\":\"medium\",\"margin_remove_bottom\":true,\"text_align\":\"center\",\"text_style\":\"large\"}},{\"type\":\"icon\",\"props\":{\"icon\":\"chevron-down\",\"icon_width\":60,\"link\":\"#portfolio\",\"margin\":\"default\",\"margin_remove_top\":true,\"text_align\":\"center\"}}]}]}],\"name\":\"Bienvenue\"},{\"type\":\"section\",\"props\":{\"id\":\"portfolio\",\"image_position\":\"center-center\",\"style\":\"muted\",\"title_breakpoint\":\"xl\",\"title_position\":\"top-left\",\"title_rotation\":\"left\",\"vertical_align\":\"middle\",\"width\":\"default\"},\"children\":[{\"type\":\"row\",\"props\":{\"width\":\"small\"},\"children\":[{\"type\":\"column\",\"props\":{\"image_position\":\"center-center\",\"position_sticky_breakpoint\":\"m\"},\"children\":[{\"type\":\"headline\",\"props\":{\"content\":\"PORTFOLIO\",\"text_align\":\"center\",\"title_element\":\"h1\",\"title_style\":\"heading-large\"}}]}]},{\"type\":\"row\",\"props\":{\"layout\":\"1-2,1-2\",\"match\":true},\"children\":[{\"type\":\"column\",\"props\":{\"image_position\":\"center-center\",\"position_sticky_breakpoint\":\"m\",\"width_medium\":\"1-2\"},\"children\":[{\"type\":\"panel\",\"props\":{\"content\":\"\n\n<p>De la cr\\u00e9ation au d\\u00e9veloppement et mise en ligne, je vous guide, conseille et r\\u00e9alise votre boutique en ligne, site vitrine ou blog.<\\\/p>\",\"content_column_breakpoint\":\"m\",\"icon_width\":80,\"image\":\"wp-content\\\/uploads\\\/Polen-1.jpg\",\"image_align\":\"top\",\"image_grid_breakpoint\":\"m\",\"image_grid_width\":\"1-2\",\"image_link\":true,\"image_svg_color\":\"emphasis\",\"image_transition\":\"scale-up\",\"link\":\"index.php?page_id=67\",\"link_fullwidth\":false,\"link_style\":\"default\",\"link_text\":\"Voir +\",\"margin\":\"default\",\"meta\":\"E-COMMERCE, BLOG, SITE VITRINE.\",\"meta_align\":\"below-title\",\"meta_element\":\"div\",\"meta_style\":\"text-meta\",\"panel_image_no_padding\":true,\"panel_link\":false,\"panel_padding\":\"default\",\"panel_style\":\"card-default\",\"title\":\"WEB\",\"title_align\":\"top\",\"title_color\":\"primary\",\"title_element\":\"h3\",\"title_grid_breakpoint\":\"m\",\"title_grid_width\":\"1-2\",\"title_hover_style\":\"reset\",\"title_style\":\"heading-small\"}}]},{\"type\":\"column\",\"props\":{\"image_position\":\"center-center\",\"position_sticky_breakpoint\":\"m\",\"width_medium\":\"1-2\"},\"children\":[{\"type\":\"panel\",\"props\":{\"content\":\"Conception et r\\u00e9alisation de l\\u2019ensemble de vos documents de communication. Plaquettes, d\\u00e9pliants, af\\ufb01ches, kakemonos, \\ufb02yers, cartes de v\\u0153ux\\u2026\",\"content_column_breakpoint\":\"m\",\"icon_width\":80,\"image\":\"wp-content\\\/uploads\\\/Map-ADIDAS.jpg\",\"image_align\":\"top\",\"image_alt\":\"adidas-map\",\"image_grid_breakpoint\":\"m\",\"image_grid_width\":\"1-2\",\"image_link\":true,\"image_svg_color\":\"emphasis\",\"image_transition\":\"scale-up\",\"link\":\"index.php?page_id=66\",\"link_fullwidth\":false,\"link_style\":\"default\",\"link_text\":\"Voir +\",\"margin\":\"default\",\"meta\":\"COMMUNICATION CLIENTS, PRESSE & CORPORATE.\",\"meta_align\":\"below-title\",\"meta_element\":\"div\",\"meta_style\":\"text-meta\",\"panel_image_no_padding\":true,\"panel_link\":false,\"panel_padding\":\"default\",\"panel_style\":\"card-default\",\"title\":\"PRINT\",\"title_align\":\"top\",\"title_color\":\"primary\",\"title_element\":\"h3\",\"title_grid_breakpoint\":\"m\",\"title_grid_width\":\"1-2\",\"title_hover_style\":\"reset\",\"title_style\":\"heading-small\"}}]}]},{\"type\":\"row\",\"props\":{\"layout\":\"1-2,1-2\",\"match\":true},\"children\":[{\"type\":\"column\",\"props\":{\"image_position\":\"center-center\",\"position_sticky_breakpoint\":\"m\",\"width_medium\":\"1-2\"},\"children\":[{\"type\":\"panel\",\"props\":{\"content\":\"Cr\\u00e9ation de logotypes et chartes graphiques.\",\"content_column_breakpoint\":\"m\",\"icon_width\":80,\"image\":\"wp-content\\\/uploads\\\/logo-aspn.jpg\",\"image_align\":\"top\",\"image_grid_breakpoint\":\"m\",\"image_grid_width\":\"1-2\",\"image_link\":true,\"image_svg_color\":\"emphasis\",\"image_transition\":\"scale-up\",\"link\":\"index.php?page_id=1790\",\"link_fullwidth\":false,\"link_style\":\"default\",\"link_text\":\"Voir +\",\"margin\":\"default\",\"meta\":\"LOGOTYPES | CHARTES GRAPHIQUES\",\"meta_align\":\"below-title\",\"meta_element\":\"div\",\"meta_style\":\"text-meta\",\"panel_image_no_padding\":true,\"panel_link\":false,\"panel_padding\":\"default\",\"panel_style\":\"card-default\",\"title\":\"IDENTIT\\u00c9\",\"title_align\":\"top\",\"title_color\":\"primary\",\"title_element\":\"h3\",\"title_grid_breakpoint\":\"m\",\"title_grid_width\":\"1-2\",\"title_hover_style\":\"reset\",\"title_style\":\"heading-small\"}}]},{\"type\":\"column\",\"props\":{\"image_position\":\"center-center\",\"position_sticky_breakpoint\":\"m\",\"width_medium\":\"1-2\"},\"children\":[{\"type\":\"panel\",\"props\":{\"content\":\"R\\u00e9alisation d\\u2019illustrations vectorielles, pictogrammes, avatars\\u2026 Mod\\u00e9lisation et animation d\\u2019objets 3D.\",\"content_column_breakpoint\":\"m\",\"icon_width\":80,\"image\":\"wp-content\\\/uploads\\\/ANDROID.jpg\",\"image_align\":\"top\",\"image_alt\":\"bouygues-android\",\"image_grid_breakpoint\":\"m\",\"image_grid_width\":\"1-2\",\"image_link\":true,\"image_svg_color\":\"emphasis\",\"image_transition\":\"scale-up\",\"link\":\"index.php?page_id=68\",\"link_fullwidth\":false,\"link_style\":\"default\",\"link_text\":\"Voir +\",\"margin\":\"default\",\"meta\":\"PICTOGRAMMES \\u2013 AVATARS \\u2013 MOD\\u00c9LISATION 3D\",\"meta_align\":\"below-title\",\"meta_element\":\"div\",\"meta_style\":\"text-meta\",\"panel_image_no_padding\":true,\"panel_link\":false,\"panel_padding\":\"default\",\"panel_style\":\"card-default\",\"title\":\"2D | 3D\",\"title_align\":\"top\",\"title_color\":\"primary\",\"title_element\":\"h3\",\"title_grid_breakpoint\":\"m\",\"title_grid_width\":\"1-2\",\"title_hover_style\":\"reset\",\"title_style\":\"heading-small\"}}]}]}],\"name\":\"WEB-PRINT-IDENTITE-2D\\\/3D\"}],\"version\":\"4.1.3\"} --><\/p>\n","protected":false},"excerpt":{"rendered":"<p>Servir une marque en entrant en r\u00e9sonance avec son identit\u00e9 gr\u00e2ce aux outils du web, du print, de la 3D ou de la photo. Des \u00e9tudes en arts graphiques (ECV), une riche et longue exp\u00e9rience de 20 ans en agences m&rsquo;ont permis d\u2019acqu\u00e9rir trois vertus essentielles, la cr\u00e9ativit\u00e9, la r\u00e9activit\u00e9 et la polyvalence. Pour chaque [&hellip;]<\/p>\n","protected":false},"author":1,"featured_media":0,"parent":0,"menu_order":9,"comment_status":"closed","ping_status":"closed","template":"","meta":{"footnotes":""},"class_list":["post-65","page","type-page","status-publish","hentry"],"yoast_head":"<!-- This site is optimized with the Yoast SEO Premium plugin v21.1 (Yoast SEO v27.4) - https:\/\/yoast.com\/product\/yoast-seo-premium-wordpress\/ -->\n<title>FLT Designer graphique<\/title>\n<meta name=\"description\" content=\"FLT Designer Graphique : Servir une marque en entrant en r\u00e9sonance avec son identit\u00e9 gr\u00e2ce aux outils du web, du print, de la 3D ou de la photo.\" \/>\n<meta name=\"robots\" content=\"index, follow, max-snippet:-1, max-image-preview:large, max-video-preview:-1\" \/>\n<link rel=\"canonical\" href=\"https:\/\/www.franciscolopeztorres.com\/\" \/>\n<meta property=\"og:locale\" content=\"fr_FR\" \/>\n<meta property=\"og:type\" content=\"article\" \/>\n<meta property=\"og:title\" content=\"FLT Design Graphique\" \/>\n<meta property=\"og:description\" content=\"FLT Designer Graphique : Servir une marque en entrant en r\u00e9sonance avec son identit\u00e9 gr\u00e2ce aux outils du web, du print, de la 3D ou de la photo.\" \/>\n<meta property=\"og:url\" content=\"https:\/\/www.franciscolopeztorres.com\/\" \/>\n<meta property=\"og:site_name\" content=\"FLT\" \/>\n<meta property=\"article:modified_time\" content=\"2023-11-17T08:38:12+00:00\" \/>\n<meta name=\"twitter:card\" content=\"summary_large_image\" \/>\n<meta name=\"twitter:label1\" content=\"Dur\u00e9e de lecture estim\u00e9e\" \/>\n\t<meta name=\"twitter:data1\" content=\"2 minutes\" \/>\n<script type=\"application\/ld+json\" class=\"yoast-schema-graph\">{\"@context\":\"https:\\\/\\\/schema.org\",\"@graph\":[{\"@type\":\"WebPage\",\"@id\":\"https:\\\/\\\/www.franciscolopeztorres.com\\\/\",\"url\":\"https:\\\/\\\/www.franciscolopeztorres.com\\\/\",\"name\":\"FLT Designer graphique\",\"isPartOf\":{\"@id\":\"https:\\\/\\\/www.franciscolopeztorres.com\\\/#website\"},\"datePublished\":\"2018-11-28T14:07:27+00:00\",\"dateModified\":\"2023-11-17T08:38:12+00:00\",\"description\":\"FLT Designer Graphique : Servir une marque en entrant en r\u00e9sonance avec son identit\u00e9 gr\u00e2ce aux outils du web, du print, de la 3D ou de la photo.\",\"breadcrumb\":{\"@id\":\"https:\\\/\\\/www.franciscolopeztorres.com\\\/#breadcrumb\"},\"inLanguage\":\"fr-FR\",\"potentialAction\":[{\"@type\":\"ReadAction\",\"target\":[\"https:\\\/\\\/www.franciscolopeztorres.com\\\/\"]}]},{\"@type\":\"BreadcrumbList\",\"@id\":\"https:\\\/\\\/www.franciscolopeztorres.com\\\/#breadcrumb\",\"itemListElement\":[{\"@type\":\"ListItem\",\"position\":1,\"name\":\"Accueil\",\"item\":\"https:\\\/\\\/www.franciscolopeztorres.com\\\/\"},{\"@type\":\"ListItem\",\"position\":2,\"name\":\"FLT Design Graphique\"}]},{\"@type\":\"WebSite\",\"@id\":\"https:\\\/\\\/www.franciscolopeztorres.com\\\/#website\",\"url\":\"https:\\\/\\\/www.franciscolopeztorres.com\\\/\",\"name\":\"FLT Design Graphique\",\"description\":\"Designer graphique\",\"publisher\":{\"@id\":\"https:\\\/\\\/www.franciscolopeztorres.com\\\/#organization\"},\"potentialAction\":[{\"@type\":\"SearchAction\",\"target\":{\"@type\":\"EntryPoint\",\"urlTemplate\":\"https:\\\/\\\/www.franciscolopeztorres.com\\\/?s={search_term_string}\"},\"query-input\":{\"@type\":\"PropertyValueSpecification\",\"valueRequired\":true,\"valueName\":\"search_term_string\"}}],\"inLanguage\":\"fr-FR\"},{\"@type\":\"Organization\",\"@id\":\"https:\\\/\\\/www.franciscolopeztorres.com\\\/#organization\",\"name\":\"Francisco Lopez-Torres\",\"url\":\"https:\\\/\\\/www.franciscolopeztorres.com\\\/\",\"logo\":{\"@type\":\"ImageObject\",\"inLanguage\":\"fr-FR\",\"@id\":\"https:\\\/\\\/www.franciscolopeztorres.com\\\/#\\\/schema\\\/logo\\\/image\\\/\",\"url\":\"https:\\\/\\\/i0.wp.com\\\/www.franciscolopeztorres.com\\\/wp-content\\\/uploads\\\/favicon.jpg?fit=100%2C100&ssl=1\",\"contentUrl\":\"https:\\\/\\\/i0.wp.com\\\/www.franciscolopeztorres.com\\\/wp-content\\\/uploads\\\/favicon.jpg?fit=100%2C100&ssl=1\",\"width\":100,\"height\":100,\"caption\":\"Francisco Lopez-Torres\"},\"image\":{\"@id\":\"https:\\\/\\\/www.franciscolopeztorres.com\\\/#\\\/schema\\\/logo\\\/image\\\/\"}}]}<\/script>\n<!-- \/ Yoast SEO Premium plugin. -->","yoast_head_json":{"title":"FLT Designer graphique","description":"FLT Designer Graphique : Servir une marque en entrant en r\u00e9sonance avec son identit\u00e9 gr\u00e2ce aux outils du web, du print, de la 3D ou de la photo.","robots":{"index":"index","follow":"follow","max-snippet":"max-snippet:-1","max-image-preview":"max-image-preview:large","max-video-preview":"max-video-preview:-1"},"canonical":"https:\/\/www.franciscolopeztorres.com\/","og_locale":"fr_FR","og_type":"article","og_title":"FLT Design Graphique","og_description":"FLT Designer Graphique : Servir une marque en entrant en r\u00e9sonance avec son identit\u00e9 gr\u00e2ce aux outils du web, du print, de la 3D ou de la photo.","og_url":"https:\/\/www.franciscolopeztorres.com\/","og_site_name":"FLT","article_modified_time":"2023-11-17T08:38:12+00:00","twitter_card":"summary_large_image","twitter_misc":{"Dur\u00e9e de lecture estim\u00e9e":"2 minutes"},"schema":{"@context":"https:\/\/schema.org","@graph":[{"@type":"WebPage","@id":"https:\/\/www.franciscolopeztorres.com\/","url":"https:\/\/www.franciscolopeztorres.com\/","name":"FLT Designer graphique","isPartOf":{"@id":"https:\/\/www.franciscolopeztorres.com\/#website"},"datePublished":"2018-11-28T14:07:27+00:00","dateModified":"2023-11-17T08:38:12+00:00","description":"FLT Designer Graphique : Servir une marque en entrant en r\u00e9sonance avec son identit\u00e9 gr\u00e2ce aux outils du web, du print, de la 3D ou de la photo.","breadcrumb":{"@id":"https:\/\/www.franciscolopeztorres.com\/#breadcrumb"},"inLanguage":"fr-FR","potentialAction":[{"@type":"ReadAction","target":["https:\/\/www.franciscolopeztorres.com\/"]}]},{"@type":"BreadcrumbList","@id":"https:\/\/www.franciscolopeztorres.com\/#breadcrumb","itemListElement":[{"@type":"ListItem","position":1,"name":"Accueil","item":"https:\/\/www.franciscolopeztorres.com\/"},{"@type":"ListItem","position":2,"name":"FLT Design Graphique"}]},{"@type":"WebSite","@id":"https:\/\/www.franciscolopeztorres.com\/#website","url":"https:\/\/www.franciscolopeztorres.com\/","name":"FLT Design Graphique","description":"Designer graphique","publisher":{"@id":"https:\/\/www.franciscolopeztorres.com\/#organization"},"potentialAction":[{"@type":"SearchAction","target":{"@type":"EntryPoint","urlTemplate":"https:\/\/www.franciscolopeztorres.com\/?s={search_term_string}"},"query-input":{"@type":"PropertyValueSpecification","valueRequired":true,"valueName":"search_term_string"}}],"inLanguage":"fr-FR"},{"@type":"Organization","@id":"https:\/\/www.franciscolopeztorres.com\/#organization","name":"Francisco Lopez-Torres","url":"https:\/\/www.franciscolopeztorres.com\/","logo":{"@type":"ImageObject","inLanguage":"fr-FR","@id":"https:\/\/www.franciscolopeztorres.com\/#\/schema\/logo\/image\/","url":"https:\/\/i0.wp.com\/www.franciscolopeztorres.com\/wp-content\/uploads\/favicon.jpg?fit=100%2C100&ssl=1","contentUrl":"https:\/\/i0.wp.com\/www.franciscolopeztorres.com\/wp-content\/uploads\/favicon.jpg?fit=100%2C100&ssl=1","width":100,"height":100,"caption":"Francisco Lopez-Torres"},"image":{"@id":"https:\/\/www.franciscolopeztorres.com\/#\/schema\/logo\/image\/"}}]}},"jetpack_sharing_enabled":true,"_links":{"self":[{"href":"https:\/\/www.franciscolopeztorres.com\/index.php?rest_route=\/wp\/v2\/pages\/65","targetHints":{"allow":["GET"]}}],"collection":[{"href":"https:\/\/www.franciscolopeztorres.com\/index.php?rest_route=\/wp\/v2\/pages"}],"about":[{"href":"https:\/\/www.franciscolopeztorres.com\/index.php?rest_route=\/wp\/v2\/types\/page"}],"author":[{"embeddable":true,"href":"https:\/\/www.franciscolopeztorres.com\/index.php?rest_route=\/wp\/v2\/users\/1"}],"replies":[{"embeddable":true,"href":"https:\/\/www.franciscolopeztorres.com\/index.php?rest_route=%2Fwp%2Fv2%2Fcomments&post=65"}],"version-history":[{"count":282,"href":"https:\/\/www.franciscolopeztorres.com\/index.php?rest_route=\/wp\/v2\/pages\/65\/revisions"}],"predecessor-version":[{"id":1954,"href":"https:\/\/www.franciscolopeztorres.com\/index.php?rest_route=\/wp\/v2\/pages\/65\/revisions\/1954"}],"wp:attachment":[{"href":"https:\/\/www.franciscolopeztorres.com\/index.php?rest_route=%2Fwp%2Fv2%2Fmedia&parent=65"}],"curies":[{"name":"wp","href":"https:\/\/api.w.org\/{rel}","templated":true}]}}