{"id":1892,"date":"2022-07-04T14:50:43","date_gmt":"2022-07-04T14:50:43","guid":{"rendered":"https:\/\/www.franciscolopeztorres.com\/?page_id=1892"},"modified":"2022-07-04T15:39:26","modified_gmt":"2022-07-04T15:39:26","slug":"home","status":"publish","type":"page","link":"https:\/\/www.franciscolopeztorres.com\/?page_id=1892&lang=en","title":{"rendered":"HOME"},"content":{"rendered":"<h1>WELL<br \/>COME<\/h1>\n<div>\n<p style=\"text-align: left;\">Servir une marque en entrant en r\u00e9sonance avec son identit\u00e9 gr\u00e2ce aux outils du web, du print, de la 3D ou de la photo. <br \/>Des \u00e9tudes en arts graphiques (ECV), une riche et longue <strong>exp\u00e9rience de 20 ans<\/strong> en agences m&rsquo;ont permis d\u2019acqu\u00e9rir trois vertus essentielles, <b>la cr\u00e9ativit\u00e9, la r\u00e9activit\u00e9 et la polyvalence.<\/b><\/p>\n<p>Pour chaque projet une m\u00eame mission, <strong>\u00e9couter et visualiser.<\/strong> Un regard original, un univers \u00e9l\u00e9gant et sensible.<\/p>\n<\/div>\n<div>\n<p>        <img decoding=\"async\" src=\"\/wp-content\/uploads\/Polen-1.jpg\" alt=\"\"><\/p>\n<h3>WEB<\/h3>\n<p>E-COMMERCE, BLOG, SITE VITRINE.<\/p>\n<div>\n<p>De la cr\u00e9ation au d\u00e9veloppement et mise en ligne, je vous guide, conseille et r\u00e9alise votre boutique en ligne, site vitrine ou blog.<\/p>\n<\/div>\n<p><a href=\"\/web\/\">Voir +<\/a><\/p>\n<\/div>\n<div>\n<p>        <img decoding=\"async\" src=\"\/wp-content\/uploads\/Map-ADIDAS.jpg\" alt=\"adidas-map\"><\/p>\n<h3>PRINT<\/h3>\n<p>COMMUNICATION CLIENTS, PRESSE &#038; CORPORATE.<\/p>\n<div>Conception et r\u00e9alisation de l\u2019ensemble de vos documents de communication. Plaquettes, d\u00e9pliants, af\ufb01ches, kakemonos, \ufb02yers, cartes de v\u0153ux\u2026<\/div>\n<p><a href=\"\/print\/\">Voir +<\/a><\/p>\n<\/div>\n<div>\n<p>        <img decoding=\"async\" src=\"\/wp-content\/uploads\/logo-aspn.jpg\" alt=\"\"><\/p>\n<h3>IDENTIT\u00c9<\/h3>\n<p>LOGOTYPES | CHARTES GRAPHIQUES<\/p>\n<div>Cr\u00e9ation de logotypes et chartes graphiques.<\/div>\n<p><a href=\"\/identite\/\">Voir +<\/a><\/p>\n<\/div>\n<div>\n<p>        <img decoding=\"async\" src=\"\/wp-content\/uploads\/ANDROID.jpg\" alt=\"bouygues-android\"><\/p>\n<h3>2D | 3D<\/h3>\n<p>PICTOGRAMMES \u2013 AVATARS \u2013 MOD\u00c9LISATION 3D<\/p>\n<div>R\u00e9alisation d\u2019illustrations vectorielles, pictogrammes, avatars\u2026 Mod\u00e9lisation et animation d\u2019objets 3D.<\/div>\n<p><a href=\"\/illustrations\/\">Voir +<\/a><\/p>\n<\/div>\n<p><!--more--><br \/>\n<!-- {\"name\":\"ACCUEIL\",\"type\":\"layout\",\"children\":[{\"type\":\"section\",\"props\":{\"style\":\"primary\",\"width\":\"default\",\"vertical_align\":\"middle\",\"title_position\":\"top-left\",\"title_rotation\":\"left\",\"title_breakpoint\":\"xl\",\"image_position\":\"center-center\",\"image\":\"\",\"image_size\":\"cover\",\"image_effect\":\"fixed\",\"padding_remove_top\":false,\"header_transparent_noplaceholder\":false,\"animation\":\"slide-left-medium\",\"header_transparent\":\"light\",\"animation_delay\":\"100\"},\"children\":[{\"type\":\"row\",\"props\":{\"width\":\"small\",\"layout\":\"1-2,1-2\"},\"children\":[{\"type\":\"column\",\"props\":{\"image_position\":\"center-center\",\"media_overlay_gradient\":\"\",\"width_medium\":\"1-2\",\"position_sticky_breakpoint\":\"m\"},\"children\":[{\"type\":\"headline\",\"props\":{\"title_element\":\"h1\",\"content\":\"WELL<br \\\/>COME\",\"title_style\":\"heading-large\"}}]},{\"type\":\"column\",\"props\":{\"image_position\":\"center-center\",\"media_overlay_gradient\":\"\",\"width_medium\":\"1-2\",\"vertical_align\":\"bottom\",\"position_sticky_breakpoint\":\"m\"},\"children\":[{\"type\":\"text\",\"props\":{\"margin\":\"default\",\"column_breakpoint\":\"m\",\"content\":\"\n\n<p style=\\\"text-align: left;\\\">Servir une marque en entrant en r\\u00e9sonance avec son identit\\u00e9 gr\\u00e2ce aux outils du web, du print, de la 3D ou de la photo. <br \\\/>Des \\u00e9tudes en arts graphiques (ECV), une riche et longue <strong>exp\\u00e9rience de 20 ans<\\\/strong> en agences m'ont permis d\\u2019acqu\\u00e9rir trois vertus essentielles, <b>la cr\\u00e9ativit\\u00e9, la r\\u00e9activit\\u00e9 et la polyvalence.<\\\/b><br \\\/><br \\\/>Pour chaque projet une m\\u00eame mission, <strong>\\u00e9couter et visualiser.<\\\/strong> Un regard original, un univers \\u00e9l\\u00e9gant et sensible.<\\\/p>\",\"block_align\":\"center\",\"margin_remove_top\":false,\"text_align\":\"center\",\"text_style\":\"lead\"}}]}]}],\"name\":\"Bienvenue\"},{\"type\":\"section\",\"props\":{\"style\":\"muted\",\"width\":\"default\",\"vertical_align\":\"middle\",\"title_position\":\"top-left\",\"title_rotation\":\"left\",\"title_breakpoint\":\"xl\",\"image_position\":\"center-center\"},\"children\":[{\"type\":\"row\",\"props\":{\"layout\":\"1-2,1-2\",\"match\":true},\"children\":[{\"type\":\"column\",\"props\":{\"position_sticky_breakpoint\":\"m\",\"image_position\":\"center-center\",\"media_overlay_gradient\":\"\",\"width_medium\":\"1-2\"},\"children\":[{\"type\":\"panel\",\"props\":{\"link_text\":\"Voir +\",\"title_hover_style\":\"reset\",\"title_element\":\"h3\",\"title_align\":\"top\",\"title_grid_width\":\"1-2\",\"title_grid_breakpoint\":\"m\",\"meta_style\":\"meta\",\"meta_align\":\"below-title\",\"meta_element\":\"div\",\"content_column_breakpoint\":\"m\",\"icon_width\":80,\"image_align\":\"top\",\"image_grid_width\":\"1-2\",\"image_grid_breakpoint\":\"m\",\"image_svg_color\":\"emphasis\",\"link_style\":\"default\",\"margin\":\"default\",\"title\":\"WEB\",\"meta\":\"E-COMMERCE, BLOG, SITE VITRINE.\",\"content\":\"\n\n<p>De la cr\\u00e9ation au d\\u00e9veloppement et mise en ligne, je vous guide, conseille et r\\u00e9alise votre boutique en ligne, site vitrine ou blog.<\\\/p>\",\"image\":\"wp-content\\\/uploads\\\/Polen-1.jpg\",\"panel_style\":\"card-default\",\"panel_padding\":\"default\",\"panel_image_no_padding\":true,\"title_style\":\"heading-small\",\"title_color\":\"primary\",\"link\":\"web\\\/\",\"link_fullwidth\":false,\"panel_link\":false,\"image_link\":true,\"image_transition\":\"scale-up\"}}]},{\"type\":\"column\",\"props\":{\"position_sticky_breakpoint\":\"m\",\"image_position\":\"center-center\",\"media_overlay_gradient\":\"\",\"width_medium\":\"1-2\"},\"children\":[{\"type\":\"panel\",\"props\":{\"link_text\":\"Voir +\",\"title_hover_style\":\"reset\",\"title_element\":\"h3\",\"title_align\":\"top\",\"title_grid_width\":\"1-2\",\"title_grid_breakpoint\":\"m\",\"meta_style\":\"meta\",\"meta_align\":\"below-title\",\"meta_element\":\"div\",\"content_column_breakpoint\":\"m\",\"icon_width\":80,\"image_align\":\"top\",\"image_grid_width\":\"1-2\",\"image_grid_breakpoint\":\"m\",\"image_svg_color\":\"emphasis\",\"link_style\":\"default\",\"margin\":\"default\",\"title\":\"PRINT\",\"meta\":\"COMMUNICATION CLIENTS, PRESSE & CORPORATE.\",\"content\":\"Conception et r\\u00e9alisation de l\\u2019ensemble de vos documents de communication. Plaquettes, d\\u00e9pliants, af\\ufb01ches, kakemonos, \\ufb02yers, cartes de v\\u0153ux\\u2026\",\"image\":\"wp-content\\\/uploads\\\/Map-ADIDAS.jpg\",\"panel_style\":\"card-default\",\"panel_padding\":\"default\",\"panel_image_no_padding\":true,\"title_style\":\"heading-small\",\"title_color\":\"primary\",\"link\":\"print\\\/\",\"link_fullwidth\":false,\"panel_link\":false,\"image_link\":true,\"image_transition\":\"scale-up\",\"image_alt\":\"adidas-map\"}}]}]},{\"type\":\"row\",\"props\":{\"layout\":\"1-2,1-2\",\"match\":true},\"children\":[{\"type\":\"column\",\"props\":{\"position_sticky_breakpoint\":\"m\",\"image_position\":\"center-center\",\"media_overlay_gradient\":\"\",\"width_medium\":\"1-2\"},\"children\":[{\"type\":\"panel\",\"props\":{\"link_text\":\"Voir +\",\"title_hover_style\":\"reset\",\"title_element\":\"h3\",\"title_align\":\"top\",\"title_grid_width\":\"1-2\",\"title_grid_breakpoint\":\"m\",\"meta_style\":\"meta\",\"meta_align\":\"below-title\",\"meta_element\":\"div\",\"content_column_breakpoint\":\"m\",\"icon_width\":80,\"image_align\":\"top\",\"image_grid_width\":\"1-2\",\"image_grid_breakpoint\":\"m\",\"image_svg_color\":\"emphasis\",\"link_style\":\"default\",\"margin\":\"default\",\"title\":\"IDENTIT\\u00c9\",\"meta\":\"LOGOTYPES | CHARTES GRAPHIQUES\",\"content\":\"Cr\\u00e9ation de logotypes et chartes graphiques.\",\"image\":\"wp-content\\\/uploads\\\/logo-aspn.jpg\",\"panel_style\":\"card-default\",\"panel_padding\":\"default\",\"panel_image_no_padding\":true,\"title_style\":\"heading-small\",\"title_color\":\"primary\",\"link\":\"identite\\\/\",\"link_fullwidth\":false,\"panel_link\":false,\"image_link\":true,\"image_transition\":\"scale-up\"}}]},{\"type\":\"column\",\"props\":{\"position_sticky_breakpoint\":\"m\",\"image_position\":\"center-center\",\"media_overlay_gradient\":\"\",\"width_medium\":\"1-2\"},\"children\":[{\"type\":\"panel\",\"props\":{\"link_text\":\"Voir +\",\"title_hover_style\":\"reset\",\"title_element\":\"h3\",\"title_align\":\"top\",\"title_grid_width\":\"1-2\",\"title_grid_breakpoint\":\"m\",\"meta_style\":\"meta\",\"meta_align\":\"below-title\",\"meta_element\":\"div\",\"content_column_breakpoint\":\"m\",\"icon_width\":80,\"image_align\":\"top\",\"image_grid_width\":\"1-2\",\"image_grid_breakpoint\":\"m\",\"image_svg_color\":\"emphasis\",\"link_style\":\"default\",\"margin\":\"default\",\"title\":\"2D | 3D\",\"meta\":\"PICTOGRAMMES \\u2013 AVATARS \\u2013 MOD\\u00c9LISATION 3D\",\"content\":\"R\\u00e9alisation d\\u2019illustrations vectorielles, pictogrammes, avatars\\u2026 Mod\\u00e9lisation et animation d\\u2019objets 3D.\",\"image\":\"wp-content\\\/uploads\\\/ANDROID.jpg\",\"panel_style\":\"card-default\",\"panel_padding\":\"default\",\"panel_image_no_padding\":true,\"title_style\":\"heading-small\",\"title_color\":\"primary\",\"link\":\"illustrations\\\/\",\"link_fullwidth\":false,\"panel_link\":false,\"image_link\":true,\"image_transition\":\"scale-up\",\"image_alt\":\"bouygues-android\"}}]}]}],\"name\":\"WEB-PRINT-IDENTITE-2D\\\/3D\"}],\"version\":\"2.7.22\"} --><\/p>\n","protected":false},"excerpt":{"rendered":"<p>WELLCOME Servir une marque en entrant en r\u00e9sonance avec son identit\u00e9 gr\u00e2ce aux outils du web, du print, de la 3D ou de la photo. Des \u00e9tudes en arts graphiques (ECV), une riche et longue exp\u00e9rience de 20 ans en agences m&rsquo;ont permis d\u2019acqu\u00e9rir trois vertus essentielles, la cr\u00e9ativit\u00e9, la r\u00e9activit\u00e9 et la polyvalence. Pour [&hellip;]<\/p>\n","protected":false},"author":1,"featured_media":0,"parent":0,"menu_order":9,"comment_status":"closed","ping_status":"closed","template":"","meta":{"footnotes":""},"class_list":["post-1892","page","type-page","status-publish","hentry"],"yoast_head":"<!-- This site is optimized with the Yoast SEO Premium plugin v21.1 (Yoast SEO v27.4) - https:\/\/yoast.com\/product\/yoast-seo-premium-wordpress\/ -->\n<title>HOME - FLT<\/title>\n<meta name=\"robots\" content=\"index, follow, max-snippet:-1, max-image-preview:large, max-video-preview:-1\" \/>\n<link rel=\"canonical\" href=\"https:\/\/www.franciscolopeztorres.com\/?page_id=1892&lang=en\" \/>\n<meta property=\"og:locale\" content=\"fr_FR\" \/>\n<meta property=\"og:type\" content=\"article\" \/>\n<meta property=\"og:title\" content=\"HOME\" \/>\n<meta property=\"og:description\" content=\"WELLCOME Servir une marque en entrant en r\u00e9sonance avec son identit\u00e9 gr\u00e2ce aux outils du web, du print, de la 3D ou de la photo. Des \u00e9tudes en arts graphiques (ECV), une riche et longue exp\u00e9rience de 20 ans en agences m&rsquo;ont permis d\u2019acqu\u00e9rir trois vertus essentielles, la cr\u00e9ativit\u00e9, la r\u00e9activit\u00e9 et la polyvalence. Pour [&hellip;]\" \/>\n<meta property=\"og:url\" content=\"https:\/\/www.franciscolopeztorres.com\/?page_id=1892&amp;lang=en\" \/>\n<meta property=\"og:site_name\" content=\"FLT\" \/>\n<meta property=\"article:modified_time\" content=\"2022-07-04T15:39:26+00:00\" \/>\n<meta name=\"twitter:card\" content=\"summary_large_image\" \/>\n<meta name=\"twitter:label1\" content=\"Dur\u00e9e de lecture estim\u00e9e\" \/>\n\t<meta name=\"twitter:data1\" content=\"1 minute\" \/>\n<script type=\"application\/ld+json\" class=\"yoast-schema-graph\">{\"@context\":\"https:\\\/\\\/schema.org\",\"@graph\":[{\"@type\":\"WebPage\",\"@id\":\"https:\\\/\\\/www.franciscolopeztorres.com\\\/?page_id=1892&lang=en\",\"url\":\"https:\\\/\\\/www.franciscolopeztorres.com\\\/?page_id=1892&lang=en\",\"name\":\"HOME - FLT\",\"isPartOf\":{\"@id\":\"https:\\\/\\\/www.franciscolopeztorres.com\\\/#website\"},\"datePublished\":\"2022-07-04T14:50:43+00:00\",\"dateModified\":\"2022-07-04T15:39:26+00:00\",\"breadcrumb\":{\"@id\":\"https:\\\/\\\/www.franciscolopeztorres.com\\\/?page_id=1892&lang=en#breadcrumb\"},\"inLanguage\":\"fr-FR\",\"potentialAction\":[{\"@type\":\"ReadAction\",\"target\":[\"https:\\\/\\\/www.franciscolopeztorres.com\\\/?page_id=1892&lang=en\"]}]},{\"@type\":\"BreadcrumbList\",\"@id\":\"https:\\\/\\\/www.franciscolopeztorres.com\\\/?page_id=1892&lang=en#breadcrumb\",\"itemListElement\":[{\"@type\":\"ListItem\",\"position\":1,\"name\":\"Accueil\",\"item\":\"https:\\\/\\\/www.franciscolopeztorres.com\\\/\"},{\"@type\":\"ListItem\",\"position\":2,\"name\":\"HOME\"}]},{\"@type\":\"WebSite\",\"@id\":\"https:\\\/\\\/www.franciscolopeztorres.com\\\/#website\",\"url\":\"https:\\\/\\\/www.franciscolopeztorres.com\\\/\",\"name\":\"FLT Design Graphique\",\"description\":\"Designer graphique\",\"publisher\":{\"@id\":\"https:\\\/\\\/www.franciscolopeztorres.com\\\/#organization\"},\"potentialAction\":[{\"@type\":\"SearchAction\",\"target\":{\"@type\":\"EntryPoint\",\"urlTemplate\":\"https:\\\/\\\/www.franciscolopeztorres.com\\\/?s={search_term_string}\"},\"query-input\":{\"@type\":\"PropertyValueSpecification\",\"valueRequired\":true,\"valueName\":\"search_term_string\"}}],\"inLanguage\":\"fr-FR\"},{\"@type\":\"Organization\",\"@id\":\"https:\\\/\\\/www.franciscolopeztorres.com\\\/#organization\",\"name\":\"Francisco Lopez-Torres\",\"url\":\"https:\\\/\\\/www.franciscolopeztorres.com\\\/\",\"logo\":{\"@type\":\"ImageObject\",\"inLanguage\":\"fr-FR\",\"@id\":\"https:\\\/\\\/www.franciscolopeztorres.com\\\/#\\\/schema\\\/logo\\\/image\\\/\",\"url\":\"https:\\\/\\\/i0.wp.com\\\/www.franciscolopeztorres.com\\\/wp-content\\\/uploads\\\/favicon.jpg?fit=100%2C100&ssl=1\",\"contentUrl\":\"https:\\\/\\\/i0.wp.com\\\/www.franciscolopeztorres.com\\\/wp-content\\\/uploads\\\/favicon.jpg?fit=100%2C100&ssl=1\",\"width\":100,\"height\":100,\"caption\":\"Francisco Lopez-Torres\"},\"image\":{\"@id\":\"https:\\\/\\\/www.franciscolopeztorres.com\\\/#\\\/schema\\\/logo\\\/image\\\/\"}}]}<\/script>\n<!-- \/ Yoast SEO Premium plugin. -->","yoast_head_json":{"title":"HOME - FLT","robots":{"index":"index","follow":"follow","max-snippet":"max-snippet:-1","max-image-preview":"max-image-preview:large","max-video-preview":"max-video-preview:-1"},"canonical":"https:\/\/www.franciscolopeztorres.com\/?page_id=1892&lang=en","og_locale":"fr_FR","og_type":"article","og_title":"HOME","og_description":"WELLCOME Servir une marque en entrant en r\u00e9sonance avec son identit\u00e9 gr\u00e2ce aux outils du web, du print, de la 3D ou de la photo. Des \u00e9tudes en arts graphiques (ECV), une riche et longue exp\u00e9rience de 20 ans en agences m&rsquo;ont permis d\u2019acqu\u00e9rir trois vertus essentielles, la cr\u00e9ativit\u00e9, la r\u00e9activit\u00e9 et la polyvalence. Pour [&hellip;]","og_url":"https:\/\/www.franciscolopeztorres.com\/?page_id=1892&lang=en","og_site_name":"FLT","article_modified_time":"2022-07-04T15:39:26+00:00","twitter_card":"summary_large_image","twitter_misc":{"Dur\u00e9e de lecture estim\u00e9e":"1 minute"},"schema":{"@context":"https:\/\/schema.org","@graph":[{"@type":"WebPage","@id":"https:\/\/www.franciscolopeztorres.com\/?page_id=1892&lang=en","url":"https:\/\/www.franciscolopeztorres.com\/?page_id=1892&lang=en","name":"HOME - FLT","isPartOf":{"@id":"https:\/\/www.franciscolopeztorres.com\/#website"},"datePublished":"2022-07-04T14:50:43+00:00","dateModified":"2022-07-04T15:39:26+00:00","breadcrumb":{"@id":"https:\/\/www.franciscolopeztorres.com\/?page_id=1892&lang=en#breadcrumb"},"inLanguage":"fr-FR","potentialAction":[{"@type":"ReadAction","target":["https:\/\/www.franciscolopeztorres.com\/?page_id=1892&lang=en"]}]},{"@type":"BreadcrumbList","@id":"https:\/\/www.franciscolopeztorres.com\/?page_id=1892&lang=en#breadcrumb","itemListElement":[{"@type":"ListItem","position":1,"name":"Accueil","item":"https:\/\/www.franciscolopeztorres.com\/"},{"@type":"ListItem","position":2,"name":"HOME"}]},{"@type":"WebSite","@id":"https:\/\/www.franciscolopeztorres.com\/#website","url":"https:\/\/www.franciscolopeztorres.com\/","name":"FLT Design Graphique","description":"Designer graphique","publisher":{"@id":"https:\/\/www.franciscolopeztorres.com\/#organization"},"potentialAction":[{"@type":"SearchAction","target":{"@type":"EntryPoint","urlTemplate":"https:\/\/www.franciscolopeztorres.com\/?s={search_term_string}"},"query-input":{"@type":"PropertyValueSpecification","valueRequired":true,"valueName":"search_term_string"}}],"inLanguage":"fr-FR"},{"@type":"Organization","@id":"https:\/\/www.franciscolopeztorres.com\/#organization","name":"Francisco Lopez-Torres","url":"https:\/\/www.franciscolopeztorres.com\/","logo":{"@type":"ImageObject","inLanguage":"fr-FR","@id":"https:\/\/www.franciscolopeztorres.com\/#\/schema\/logo\/image\/","url":"https:\/\/i0.wp.com\/www.franciscolopeztorres.com\/wp-content\/uploads\/favicon.jpg?fit=100%2C100&ssl=1","contentUrl":"https:\/\/i0.wp.com\/www.franciscolopeztorres.com\/wp-content\/uploads\/favicon.jpg?fit=100%2C100&ssl=1","width":100,"height":100,"caption":"Francisco Lopez-Torres"},"image":{"@id":"https:\/\/www.franciscolopeztorres.com\/#\/schema\/logo\/image\/"}}]}},"jetpack_sharing_enabled":true,"_links":{"self":[{"href":"https:\/\/www.franciscolopeztorres.com\/index.php?rest_route=\/wp\/v2\/pages\/1892","targetHints":{"allow":["GET"]}}],"collection":[{"href":"https:\/\/www.franciscolopeztorres.com\/index.php?rest_route=\/wp\/v2\/pages"}],"about":[{"href":"https:\/\/www.franciscolopeztorres.com\/index.php?rest_route=\/wp\/v2\/types\/page"}],"author":[{"embeddable":true,"href":"https:\/\/www.franciscolopeztorres.com\/index.php?rest_route=\/wp\/v2\/users\/1"}],"replies":[{"embeddable":true,"href":"https:\/\/www.franciscolopeztorres.com\/index.php?rest_route=%2Fwp%2Fv2%2Fcomments&post=1892"}],"version-history":[{"count":2,"href":"https:\/\/www.franciscolopeztorres.com\/index.php?rest_route=\/wp\/v2\/pages\/1892\/revisions"}],"predecessor-version":[{"id":1907,"href":"https:\/\/www.franciscolopeztorres.com\/index.php?rest_route=\/wp\/v2\/pages\/1892\/revisions\/1907"}],"wp:attachment":[{"href":"https:\/\/www.franciscolopeztorres.com\/index.php?rest_route=%2Fwp%2Fv2%2Fmedia&parent=1892"}],"curies":[{"name":"wp","href":"https:\/\/api.w.org\/{rel}","templated":true}]}}