{"id":1876,"date":"2022-04-28T19:45:14","date_gmt":"2022-04-28T19:45:14","guid":{"rendered":"https:\/\/www.franciscolopeztorres.com\/?page_id=1876"},"modified":"2023-11-16T18:39:21","modified_gmt":"2023-11-16T18:39:21","slug":"motion","status":"publish","type":"page","link":"https:\/\/www.franciscolopeztorres.com\/?page_id=1876","title":{"rendered":"MOTION"},"content":{"rendered":"<h1>Motion<\/h1>\n<h2>Animation r\u00e9alis\u00e9e sur After effects<\/h2>\n<div>\n<p>R\u00e9alisation d&rsquo;animation vectorielle, infographie, carte de v\u0153ux \u2026<\/p>\n<\/div>\n<p><video src=\"\/wp-content\/uploads\/ONETEAM_AWARD_FRANCE_AVIAN_AI-VACCINATION-TENDER.mp4\" poster=\"\"><\/video><br \/>\n<video src=\"\/wp-content\/uploads\/Anim-Independance-Scientifique.mp4\" poster=\"\"><\/video><br \/>\n<video src=\"\/wp-content\/uploads\/Anim-Coyote-fr.mp4\" poster=\"\"><\/video><br \/>\n<video src=\"\/wp-content\/uploads\/APRECIALIS2017.mp4\" poster=\"\"><\/video><br \/>\n<video src=\"\/wp-content\/uploads\/APRECIALIS2015-1280x720-1.mp4\" poster=\"\"><\/video><br \/>\n<video src=\"\/wp-content\/uploads\/Aprecialis-AnimVoeux2016.mp4\" poster=\"\"><\/video><\/p>\n<p><!--more--><br \/>\n<!-- {\"name\":\"2D\\\/3D - Modele\",\"type\":\"layout\",\"children\":[{\"type\":\"section\",\"props\":{\"style\":\"primary\",\"width\":\"small\",\"vertical_align\":\"middle\",\"title_position\":\"top-left\",\"title_rotation\":\"left\",\"title_breakpoint\":\"xl\",\"image_position\":\"center-center\",\"animation\":\"fade\",\"padding_remove_top\":false,\"image_size\":\"cover\",\"animation_delay\":\"200\",\"image\":\"\",\"media_background\":\"rgba(16, 38, 59, 0)\",\"media_blend_mode\":\"multiply\",\"header_transparent\":\"light\"},\"children\":[{\"type\":\"row\",\"props\":{\"width\":\"default\",\"match\":true,\"divider\":false,\"column_gap\":\"medium\",\"row_gap\":\"medium\"},\"children\":[{\"type\":\"column\",\"props\":{\"image_position\":\"center-center\",\"media_overlay_gradient\":\"\",\"vertical_align\":\"middle\",\"width_medium\":\"\",\"position_sticky_breakpoint\":\"m\"},\"children\":[{\"type\":\"headline\",\"props\":{\"title_element\":\"h1\",\"content\":\"Motion\",\"title_style\":\"heading-medium\"}},{\"type\":\"headline\",\"props\":{\"title_element\":\"h2\",\"content\":\"Animation r\\u00e9alis\\u00e9e sur After effects\",\"title_style\":\"h3\",\"margin_remove_top\":true}},{\"type\":\"text\",\"props\":{\"margin\":\"default\",\"column_breakpoint\":\"m\",\"content\":\"\n\n<p>R\\u00e9alisation d'animation vectorielle, infographie, carte de v\\u0153ux \\u2026<\\\/p>\",\"text_style\":\"lead\"}}]}]}],\"name\":\"PRINT\"},{\"type\":\"section\",\"props\":{\"style\":\"default\",\"width\":\"default\",\"vertical_align\":\"middle\",\"title_position\":\"top-left\",\"title_rotation\":\"left\",\"title_breakpoint\":\"xl\",\"image_position\":\"center-center\"},\"children\":[{\"type\":\"row\",\"children\":[{\"type\":\"column\",\"props\":{\"image_position\":\"center-center\",\"media_overlay_gradient\":\"\",\"position_sticky_breakpoint\":\"m\",\"width_medium\":\"1-2\"},\"children\":[{\"type\":\"video\",\"props\":{\"video_controls\":true,\"margin\":\"default\",\"video\":\"wp-content\\\/uploads\\\/ONETEAM_AWARD_FRANCE_AVIAN_AI-VACCINATION-TENDER.mp4\"}}]},{\"type\":\"column\",\"props\":{\"position_sticky_breakpoint\":\"m\",\"image_position\":\"center-center\",\"media_overlay_gradient\":\"\",\"width_medium\":\"1-2\"},\"children\":[{\"type\":\"video\",\"props\":{\"video_controls\":true,\"margin\":\"default\",\"video\":\"wp-content\\\/uploads\\\/Anim-Independance-Scientifique.mp4\"}}]}],\"props\":{\"layout\":\"1-2,1-2\"}},{\"type\":\"row\",\"children\":[{\"type\":\"column\",\"props\":{\"image_position\":\"center-center\",\"media_overlay_gradient\":\"\",\"position_sticky_breakpoint\":\"m\",\"width_medium\":\"1-2\"},\"children\":[{\"type\":\"video\",\"props\":{\"video_controls\":true,\"margin\":\"default\",\"video\":\"wp-content\\\/uploads\\\/Anim-Coyote-fr.mp4\"}}]},{\"type\":\"column\",\"props\":{\"position_sticky_breakpoint\":\"m\",\"image_position\":\"center-center\",\"media_overlay_gradient\":\"\",\"width_medium\":\"1-2\"},\"children\":[{\"type\":\"video\",\"props\":{\"video_controls\":true,\"margin\":\"default\",\"video\":\"wp-content\\\/uploads\\\/APRECIALIS2017.mp4\"}}]}],\"props\":{\"layout\":\"1-2,1-2\"}},{\"type\":\"row\",\"children\":[{\"type\":\"column\",\"props\":{\"image_position\":\"center-center\",\"media_overlay_gradient\":\"\",\"position_sticky_breakpoint\":\"m\",\"width_medium\":\"1-2\"},\"children\":[{\"type\":\"video\",\"props\":{\"video_controls\":true,\"margin\":\"default\",\"video\":\"wp-content\\\/uploads\\\/APRECIALIS2015-1280x720-1.mp4\"}}]},{\"type\":\"column\",\"props\":{\"position_sticky_breakpoint\":\"m\",\"image_position\":\"center-center\",\"media_overlay_gradient\":\"\",\"width_medium\":\"1-2\"},\"children\":[{\"type\":\"video\",\"props\":{\"video_controls\":true,\"margin\":\"default\",\"video\":\"wp-content\\\/uploads\\\/Aprecialis-AnimVoeux2016.mp4\"}}]}],\"props\":{\"layout\":\"1-2,1-2\"}}]}],\"version\":\"2.7.26\"} --><\/p>\n","protected":false},"excerpt":{"rendered":"<p>Motion Animation r\u00e9alis\u00e9e sur After effects R\u00e9alisation d&rsquo;animation vectorielle, infographie, carte de v\u0153ux \u2026<\/p>\n","protected":false},"author":1,"featured_media":0,"parent":0,"menu_order":0,"comment_status":"closed","ping_status":"closed","template":"","meta":{"footnotes":""},"class_list":["post-1876","page","type-page","status-publish","hentry"],"yoast_head":"<!-- This site is optimized with the Yoast SEO Premium plugin v21.1 (Yoast SEO v27.5) - https:\/\/yoast.com\/product\/yoast-seo-premium-wordpress\/ -->\n<title>MOTION - FLT<\/title>\n<meta name=\"robots\" content=\"index, follow, max-snippet:-1, max-image-preview:large, max-video-preview:-1\" \/>\n<link rel=\"canonical\" href=\"https:\/\/www.franciscolopeztorres.com\/?page_id=1876\" \/>\n<meta property=\"og:locale\" content=\"fr_FR\" \/>\n<meta property=\"og:type\" content=\"article\" \/>\n<meta property=\"og:title\" content=\"MOTION\" \/>\n<meta property=\"og:description\" content=\"Motion Animation r\u00e9alis\u00e9e sur After effects R\u00e9alisation d&rsquo;animation vectorielle, infographie, carte de v\u0153ux \u2026\" \/>\n<meta property=\"og:url\" content=\"https:\/\/www.franciscolopeztorres.com\/?page_id=1876\" \/>\n<meta property=\"og:site_name\" content=\"FLT\" \/>\n<meta property=\"article:modified_time\" content=\"2023-11-16T18:39:21+00:00\" \/>\n<meta name=\"twitter:card\" content=\"summary_large_image\" \/>\n<script type=\"application\/ld+json\" class=\"yoast-schema-graph\">{\"@context\":\"https:\\\/\\\/schema.org\",\"@graph\":[{\"@type\":\"WebPage\",\"@id\":\"https:\\\/\\\/www.franciscolopeztorres.com\\\/?page_id=1876\",\"url\":\"https:\\\/\\\/www.franciscolopeztorres.com\\\/?page_id=1876\",\"name\":\"MOTION - FLT\",\"isPartOf\":{\"@id\":\"https:\\\/\\\/www.franciscolopeztorres.com\\\/#website\"},\"datePublished\":\"2022-04-28T19:45:14+00:00\",\"dateModified\":\"2023-11-16T18:39:21+00:00\",\"breadcrumb\":{\"@id\":\"https:\\\/\\\/www.franciscolopeztorres.com\\\/?page_id=1876#breadcrumb\"},\"inLanguage\":\"fr-FR\",\"potentialAction\":[{\"@type\":\"ReadAction\",\"target\":[\"https:\\\/\\\/www.franciscolopeztorres.com\\\/?page_id=1876\"]}]},{\"@type\":\"BreadcrumbList\",\"@id\":\"https:\\\/\\\/www.franciscolopeztorres.com\\\/?page_id=1876#breadcrumb\",\"itemListElement\":[{\"@type\":\"ListItem\",\"position\":1,\"name\":\"Accueil\",\"item\":\"https:\\\/\\\/www.franciscolopeztorres.com\\\/\"},{\"@type\":\"ListItem\",\"position\":2,\"name\":\"MOTION\"}]},{\"@type\":\"WebSite\",\"@id\":\"https:\\\/\\\/www.franciscolopeztorres.com\\\/#website\",\"url\":\"https:\\\/\\\/www.franciscolopeztorres.com\\\/\",\"name\":\"FLT Design Graphique\",\"description\":\"Designer graphique\",\"publisher\":{\"@id\":\"https:\\\/\\\/www.franciscolopeztorres.com\\\/#organization\"},\"potentialAction\":[{\"@type\":\"SearchAction\",\"target\":{\"@type\":\"EntryPoint\",\"urlTemplate\":\"https:\\\/\\\/www.franciscolopeztorres.com\\\/?s={search_term_string}\"},\"query-input\":{\"@type\":\"PropertyValueSpecification\",\"valueRequired\":true,\"valueName\":\"search_term_string\"}}],\"inLanguage\":\"fr-FR\"},{\"@type\":\"Organization\",\"@id\":\"https:\\\/\\\/www.franciscolopeztorres.com\\\/#organization\",\"name\":\"Francisco Lopez-Torres\",\"url\":\"https:\\\/\\\/www.franciscolopeztorres.com\\\/\",\"logo\":{\"@type\":\"ImageObject\",\"inLanguage\":\"fr-FR\",\"@id\":\"https:\\\/\\\/www.franciscolopeztorres.com\\\/#\\\/schema\\\/logo\\\/image\\\/\",\"url\":\"https:\\\/\\\/i0.wp.com\\\/www.franciscolopeztorres.com\\\/wp-content\\\/uploads\\\/favicon.jpg?fit=100%2C100&ssl=1\",\"contentUrl\":\"https:\\\/\\\/i0.wp.com\\\/www.franciscolopeztorres.com\\\/wp-content\\\/uploads\\\/favicon.jpg?fit=100%2C100&ssl=1\",\"width\":100,\"height\":100,\"caption\":\"Francisco Lopez-Torres\"},\"image\":{\"@id\":\"https:\\\/\\\/www.franciscolopeztorres.com\\\/#\\\/schema\\\/logo\\\/image\\\/\"}}]}<\/script>\n<!-- \/ Yoast SEO Premium plugin. -->","yoast_head_json":{"title":"MOTION - FLT","robots":{"index":"index","follow":"follow","max-snippet":"max-snippet:-1","max-image-preview":"max-image-preview:large","max-video-preview":"max-video-preview:-1"},"canonical":"https:\/\/www.franciscolopeztorres.com\/?page_id=1876","og_locale":"fr_FR","og_type":"article","og_title":"MOTION","og_description":"Motion Animation r\u00e9alis\u00e9e sur After effects R\u00e9alisation d&rsquo;animation vectorielle, infographie, carte de v\u0153ux \u2026","og_url":"https:\/\/www.franciscolopeztorres.com\/?page_id=1876","og_site_name":"FLT","article_modified_time":"2023-11-16T18:39:21+00:00","twitter_card":"summary_large_image","schema":{"@context":"https:\/\/schema.org","@graph":[{"@type":"WebPage","@id":"https:\/\/www.franciscolopeztorres.com\/?page_id=1876","url":"https:\/\/www.franciscolopeztorres.com\/?page_id=1876","name":"MOTION - FLT","isPartOf":{"@id":"https:\/\/www.franciscolopeztorres.com\/#website"},"datePublished":"2022-04-28T19:45:14+00:00","dateModified":"2023-11-16T18:39:21+00:00","breadcrumb":{"@id":"https:\/\/www.franciscolopeztorres.com\/?page_id=1876#breadcrumb"},"inLanguage":"fr-FR","potentialAction":[{"@type":"ReadAction","target":["https:\/\/www.franciscolopeztorres.com\/?page_id=1876"]}]},{"@type":"BreadcrumbList","@id":"https:\/\/www.franciscolopeztorres.com\/?page_id=1876#breadcrumb","itemListElement":[{"@type":"ListItem","position":1,"name":"Accueil","item":"https:\/\/www.franciscolopeztorres.com\/"},{"@type":"ListItem","position":2,"name":"MOTION"}]},{"@type":"WebSite","@id":"https:\/\/www.franciscolopeztorres.com\/#website","url":"https:\/\/www.franciscolopeztorres.com\/","name":"FLT Design Graphique","description":"Designer graphique","publisher":{"@id":"https:\/\/www.franciscolopeztorres.com\/#organization"},"potentialAction":[{"@type":"SearchAction","target":{"@type":"EntryPoint","urlTemplate":"https:\/\/www.franciscolopeztorres.com\/?s={search_term_string}"},"query-input":{"@type":"PropertyValueSpecification","valueRequired":true,"valueName":"search_term_string"}}],"inLanguage":"fr-FR"},{"@type":"Organization","@id":"https:\/\/www.franciscolopeztorres.com\/#organization","name":"Francisco Lopez-Torres","url":"https:\/\/www.franciscolopeztorres.com\/","logo":{"@type":"ImageObject","inLanguage":"fr-FR","@id":"https:\/\/www.franciscolopeztorres.com\/#\/schema\/logo\/image\/","url":"https:\/\/i0.wp.com\/www.franciscolopeztorres.com\/wp-content\/uploads\/favicon.jpg?fit=100%2C100&ssl=1","contentUrl":"https:\/\/i0.wp.com\/www.franciscolopeztorres.com\/wp-content\/uploads\/favicon.jpg?fit=100%2C100&ssl=1","width":100,"height":100,"caption":"Francisco Lopez-Torres"},"image":{"@id":"https:\/\/www.franciscolopeztorres.com\/#\/schema\/logo\/image\/"}}]}},"jetpack_sharing_enabled":true,"_links":{"self":[{"href":"https:\/\/www.franciscolopeztorres.com\/index.php?rest_route=\/wp\/v2\/pages\/1876","targetHints":{"allow":["GET"]}}],"collection":[{"href":"https:\/\/www.franciscolopeztorres.com\/index.php?rest_route=\/wp\/v2\/pages"}],"about":[{"href":"https:\/\/www.franciscolopeztorres.com\/index.php?rest_route=\/wp\/v2\/types\/page"}],"author":[{"embeddable":true,"href":"https:\/\/www.franciscolopeztorres.com\/index.php?rest_route=\/wp\/v2\/users\/1"}],"replies":[{"embeddable":true,"href":"https:\/\/www.franciscolopeztorres.com\/index.php?rest_route=%2Fwp%2Fv2%2Fcomments&post=1876"}],"version-history":[{"count":7,"href":"https:\/\/www.franciscolopeztorres.com\/index.php?rest_route=\/wp\/v2\/pages\/1876\/revisions"}],"predecessor-version":[{"id":1947,"href":"https:\/\/www.franciscolopeztorres.com\/index.php?rest_route=\/wp\/v2\/pages\/1876\/revisions\/1947"}],"wp:attachment":[{"href":"https:\/\/www.franciscolopeztorres.com\/index.php?rest_route=%2Fwp%2Fv2%2Fmedia&parent=1876"}],"curies":[{"name":"wp","href":"https:\/\/api.w.org\/{rel}","templated":true}]}}